{"id":63,"date":"2014-12-16T15:25:36","date_gmt":"2014-12-16T15:25:36","guid":{"rendered":"http:\/\/www.handball-gommern.de\/wordpress\/?page_id=63"},"modified":"2023-10-11T15:55:41","modified_gmt":"2023-10-11T15:55:41","slug":"mannschaft","status":"publish","type":"page","link":"http:\/\/www.handball-gommern.de\/wordpress\/?page_id=63","title":{"rendered":"Mannschaft"},"content":{"rendered":"<p>Bitte w\u00e4hlen Sie oben im Untermen\u00fc die gew\u00fcnschte Mannschaft.<\/p>\n","protected":false},"excerpt":{"rendered":"<p>Bitte w\u00e4hlen Sie oben im Untermen\u00fc die gew\u00fcnschte Mannschaft.<\/p>\n","protected":false},"author":1,"featured_media":0,"parent":0,"menu_order":0,"comment_status":"closed","ping_status":"closed","template":"","meta":{"footnotes":""},"class_list":["post-63","page","type-page","status-publish","hentry","nodate","item-wrap"],"_links":{"self":[{"href":"http:\/\/www.handball-gommern.de\/wordpress\/index.php?rest_route=\/wp\/v2\/pages\/63","targetHints":{"allow":["GET"]}}],"collection":[{"href":"http:\/\/www.handball-gommern.de\/wordpress\/index.php?rest_route=\/wp\/v2\/pages"}],"about":[{"href":"http:\/\/www.handball-gommern.de\/wordpress\/index.php?rest_route=\/wp\/v2\/types\/page"}],"author":[{"embeddable":true,"href":"http:\/\/www.handball-gommern.de\/wordpress\/index.php?rest_route=\/wp\/v2\/users\/1"}],"replies":[{"embeddable":true,"href":"http:\/\/www.handball-gommern.de\/wordpress\/index.php?rest_route=%2Fwp%2Fv2%2Fcomments&post=63"}],"version-history":[{"count":4,"href":"http:\/\/www.handball-gommern.de\/wordpress\/index.php?rest_route=\/wp\/v2\/pages\/63\/revisions"}],"predecessor-version":[{"id":743,"href":"http:\/\/www.handball-gommern.de\/wordpress\/index.php?rest_route=\/wp\/v2\/pages\/63\/revisions\/743"}],"wp:attachment":[{"href":"http:\/\/www.handball-gommern.de\/wordpress\/index.php?rest_route=%2Fwp%2Fv2%2Fmedia&parent=63"}],"curies":[{"name":"wp","href":"https:\/\/api.w.org\/{rel}","templated":true}]}}